{"id":29919,"date":"2025-03-14T12:35:07","date_gmt":"2025-03-14T12:35:07","guid":{"rendered":"https:\/\/selmiswiss.com\/producto\/msm-plus-methylsulfonylmethane-75-gelules\/"},"modified":"2025-08-04T09:30:54","modified_gmt":"2025-08-04T09:30:54","slug":"msm-plus-methylsulfonylmethane-75-capsules","status":"publish","type":"product","link":"https:\/\/selmiswiss.com\/fr\/produit\/msm-plus-methylsulfonylmethane-75-capsules\/","title":{"rendered":"MSM Plus (M\u00e9thylsulfonylm\u00e9thane) 75 g\u00e9lules"},"content":{"rendered":"<div class=\"tab-content\">\n<p><strong>MSM Plus<\/strong> est un suppl\u00e9ment avanc\u00e9 qui combine le m\u00e9thylsulfonylm\u00e9thane (MSM) et le sulfate de glucosamine pour le maintien de la sant\u00e9 des articulations. Sa formule est con\u00e7ue pour am\u00e9liorer la mobilit\u00e9, r\u00e9duire la douleur et soutenir la r\u00e9g\u00e9n\u00e9ration du cartilage. <\/p>\n<h3>Pourquoi choisir ce produit ?<\/h3>\n<ul>\n<li>Formul\u00e9 avec du MSM et de la glucosamine pour une approche compl\u00e8te du soin des articulations.<\/li>\n<li>Soulagement des douleurs articulaires gr\u00e2ce \u00e0 ses propri\u00e9t\u00e9s anti-inflammatoires.<\/li>\n<li>Favorise la r\u00e9g\u00e9n\u00e9ration du cartilage et la sant\u00e9 du tissu conjonctif.<\/li>\n<li>G\u00e9lule de g\u00e9latine bovine pour une meilleure absorption.<\/li>\n<\/ul>\n<h3>Avantages<\/h3>\n<ul>\n<li><strong>Am\u00e9liore la mobilit\u00e9 et la flexibilit\u00e9<\/strong>: r\u00e9duit la raideur des articulations et favorise une meilleure fonctionnalit\u00e9.<\/li>\n<li><strong>Propri\u00e9t\u00e9s anti-inflammatoires<\/strong>: aide \u00e0 r\u00e9duire l&rsquo;inflammation et les douleurs chroniques dans les muscles et les articulations.<\/li>\n<li><strong>Favorise la r\u00e9g\u00e9n\u00e9ration du cartilage<\/strong>: essentiel pour les personnes souffrant d&rsquo;usure des articulations ou d&rsquo;arthrite.<\/li>\n<li><strong>Soutien structurel du tissu conjonctif<\/strong>: il maintient les tendons, les ligaments et les articulations en bon \u00e9tat.<\/li>\n<\/ul>\n<h3>Ce qui nous distingue<\/h3>\n<ul>\n<li>Forte concentration de MSM et de glucosamine.<\/li>\n<li>Ingr\u00e9dients de premi\u00e8re qualit\u00e9 pour une efficacit\u00e9 maximale.<\/li>\n<\/ul>\n<\/div>\n<div class=\"wd-negative-gap\">\n<div class=\"icons-container-whatsdifferent\">\n<div class=\"icon-whatsdifferent\"><img decoding=\"async\" title=\"Sans gluten\" src=\"https:\/\/selmiswiss.com\/wp-content\/uploads\/2025\/03\/sin-gluten.svg\" alt=\"Sans gluten\" width=\"50\" height=\"50\"><\/div>\n<div class=\"icon-whatsdifferent\"><img decoding=\"async\" title=\"Sans lactose\" src=\"https:\/\/selmiswiss.com\/wp-content\/uploads\/2025\/03\/sin-lactosa-v1.svg\" alt=\"Sans lactose\" width=\"50\" height=\"50\"><\/div>\n<\/div>\n<\/div>\n","protected":false},"excerpt":{"rendered":"<ul>\n<li><strong>Sant\u00e9 des articulations et flexibilit\u00e9<\/strong>: contient du MSM et du sulfate de glucosamine pour maintenir la mobilit\u00e9 et r\u00e9duire la rigidit\u00e9.<\/li>\n<li><strong>Soulagement de la douleur<\/strong>: les propri\u00e9t\u00e9s anti-inflammatoires aident \u00e0 r\u00e9duire le gonflement et la douleur dans les articulations et les muscles.<\/li>\n<li><strong>R\u00e9g\u00e9n\u00e9ration du cartilage<\/strong>: la glucosamine favorise la r\u00e9paration et la protection des tissus articulaires.<\/li>\n<li><strong>Soutien structurel<\/strong>: prot\u00e8ge les tendons, les ligaments et d&rsquo;autres tissus conjonctifs essentiels.<\/li>\n<li><strong>Absorption facile<\/strong>: capsules de g\u00e9latine bovine pour une biodisponibilit\u00e9 et une protection optimales des ingr\u00e9dients.<\/li>\n<\/ul>\n","protected":false},"featured_media":32389,"comment_status":"open","ping_status":"closed","template":"","meta":{"_acf_changed":false},"product_brand":[],"product_cat":[472],"product_tag":[473,420,662],"class_list":{"0":"post-29919","1":"product","2":"type-product","3":"status-publish","4":"has-post-thumbnail","6":"product_cat-anti-inflammatoires","7":"product_tag-anti-inflammatoire","8":"product_tag-sante-des-articulations","9":"product_tag-msm-fr","11":"first","12":"instock","13":"taxable","14":"shipping-taxable","15":"purchasable","16":"product-type-simple"},"acf":[],"_links":{"self":[{"href":"https:\/\/selmiswiss.com\/fr\/wp-json\/wp\/v2\/product\/29919","targetHints":{"allow":["GET"]}}],"collection":[{"href":"https:\/\/selmiswiss.com\/fr\/wp-json\/wp\/v2\/product"}],"about":[{"href":"https:\/\/selmiswiss.com\/fr\/wp-json\/wp\/v2\/types\/product"}],"replies":[{"embeddable":true,"href":"https:\/\/selmiswiss.com\/fr\/wp-json\/wp\/v2\/comments?post=29919"}],"version-history":[{"count":0,"href":"https:\/\/selmiswiss.com\/fr\/wp-json\/wp\/v2\/product\/29919\/revisions"}],"wp:featuredmedia":[{"embeddable":true,"href":"https:\/\/selmiswiss.com\/fr\/wp-json\/wp\/v2\/media\/32389"}],"wp:attachment":[{"href":"https:\/\/selmiswiss.com\/fr\/wp-json\/wp\/v2\/media?parent=29919"}],"wp:term":[{"taxonomy":"product_brand","embeddable":true,"href":"https:\/\/selmiswiss.com\/fr\/wp-json\/wp\/v2\/product_brand?post=29919"},{"taxonomy":"product_cat","embeddable":true,"href":"https:\/\/selmiswiss.com\/fr\/wp-json\/wp\/v2\/product_cat?post=29919"},{"taxonomy":"product_tag","embeddable":true,"href":"https:\/\/selmiswiss.com\/fr\/wp-json\/wp\/v2\/product_tag?post=29919"}],"curies":[{"name":"wp","href":"https:\/\/api.w.org\/{rel}","templated":true}]}}