{"id":29900,"date":"2025-03-14T12:35:06","date_gmt":"2025-03-14T12:35:06","guid":{"rendered":"https:\/\/selmiswiss.com\/producto\/huile-mct-vitamine-d3-et-k2-20-ml\/"},"modified":"2025-08-04T09:30:45","modified_gmt":"2025-08-04T09:30:45","slug":"huile-mct-vitamine-d3-et-k2-20-ml","status":"publish","type":"product","link":"https:\/\/selmiswiss.com\/fr\/produit\/huile-mct-vitamine-d3-et-k2-20-ml\/","title":{"rendered":"Huile MCT Vitamine D3 et K2, 20 ml"},"content":{"rendered":"<div class=\"tab-content\">\n<p><strong>MCT Oil with Vitamin D3 and K2<\/strong> est un suppl\u00e9ment formul\u00e9 pour am\u00e9liorer l&rsquo;absorption du calcium et promouvoir la sant\u00e9 osseuse et cardiovasculaire. Son format en gouttes facilite le dosage et maximise la biodisponibilit\u00e9 de ses ingr\u00e9dients. <\/p>\n<h3>Pourquoi le choisir ?<\/h3>\n<ul>\n<li>Combinaison de <strong>vitamines D3 et K2<\/strong> pour une meilleure absorption et utilisation du calcium.<\/li>\n<li>L&rsquo;<strong>huile MCT<\/strong> comme vecteur d&rsquo;une absorption rapide et efficace.<\/li>\n<li>Facile \u00e0 doser gr\u00e2ce \u00e0 sa pr\u00e9sentation en gouttes.<\/li>\n<li>Convient aux personnes souhaitant am\u00e9liorer leur sant\u00e9 osseuse et cardiovasculaire.<\/li>\n<\/ul>\n<h3>Avantages<\/h3>\n<ul>\n<li><strong>Renforce les os et les dents<\/strong>: Am\u00e9liore la min\u00e9ralisation des os et pr\u00e9vient l&rsquo;ost\u00e9oporose.<\/li>\n<li><strong>Prot\u00e8ge le syst\u00e8me cardiovasculaire<\/strong>: pr\u00e9vient la calcification art\u00e9rielle et favorise la circulation.<\/li>\n<li><strong>Fournit une \u00e9nergie rapide<\/strong>: l&rsquo;huile MCT est une source imm\u00e9diate d&rsquo;\u00e9nergie pour le corps et le cerveau.<\/li>\n<li><strong>Am\u00e9liore l&rsquo;absorption des nutriments<\/strong>: Augmente la biodisponibilit\u00e9 des vitamines D3 et K2.<\/li>\n<\/ul>\n<h3>Ce qui nous distingue<\/h3>\n<ul>\n<li>Fabriqu\u00e9 selon les normes de qualit\u00e9 europ\u00e9ennes.<\/li>\n<li>Sans gluten, sans lactose et adapt\u00e9 aux r\u00e9gimes c\u00e9tog\u00e8nes.<\/li>\n<\/ul>\n<\/div>\n<div class=\"wd-negative-gap\">\n<div class=\"icons-container-whatsdifferent\">\n<div class=\"icon-whatsdifferent\"><img decoding=\"async\" title=\"Sans gluten\" src=\"https:\/\/selmiswiss.com\/wp-content\/uploads\/2025\/03\/sin-gluten.svg\" alt=\"Sans gluten\" width=\"50\" height=\"50\"><\/div>\n<div class=\"icon-whatsdifferent\"><img decoding=\"async\" title=\"Sans lactose\" src=\"https:\/\/selmiswiss.com\/wp-content\/uploads\/2025\/03\/sin-lactosa-v1.svg\" alt=\"Sans lactose\" width=\"50\" height=\"50\"><\/div>\n<div class=\"icon-whatsdifferent\"><img decoding=\"async\" title=\"Sans conservateur\" src=\"https:\/\/selmiswiss.com\/wp-content\/uploads\/2025\/03\/sin-conservantes.svg\" alt=\"Sans conservateur\" width=\"46\" height=\"46\"><\/div>\n<\/div>\n<\/div>\n","protected":false},"excerpt":{"rendered":"<ul>\n<li><strong>Sant\u00e9 des os et des dents<\/strong>: la combinaison de la vitamine D3 et de la vitamine K2 contribue \u00e0 la solidit\u00e9 des os et des dents.<\/li>\n<li><strong>Soutien cardiovasculaire<\/strong>: la vitamine K2 contribue \u00e0 l&rsquo;\u00e9lasticit\u00e9 des art\u00e8res et pr\u00e9vient la calcification.<\/li>\n<li><strong>\u00c9nergie et m\u00e9tabolisme<\/strong>: l&rsquo;huile MCT constitue une source d&rsquo;\u00e9nergie rapide et soutient les fonctions c\u00e9r\u00e9brales.<\/li>\n<li><strong>Meilleure absorption<\/strong>: l&rsquo;huile MCT optimise la biodisponibilit\u00e9 des vitamines liposolubles.<\/li>\n<li><strong>Facile \u00e0 prendre<\/strong>: Format liquide avec dosage pr\u00e9cis en gouttes pour une meilleure assimilation.<\/li>\n<\/ul>\n","protected":false},"featured_media":32022,"comment_status":"open","ping_status":"closed","template":"","meta":{"_acf_changed":false},"product_brand":[],"product_cat":[530,380],"product_tag":[643,617,938,527,641,642,382],"class_list":{"0":"post-29900","1":"product","2":"type-product","3":"status-publish","4":"has-post-thumbnail","6":"product_cat-huiles-essentielles-et-extraits","7":"product_cat-vitamines-et-luteine","8":"product_tag-huile-mct","9":"product_tag-le-metabolisme","10":"product_tag-os","11":"product_tag-sante-cardiovasculaire","12":"product_tag-vitamine-d3","13":"product_tag-vitamine-k2","14":"product_tag-vitamines-essentielles","16":"first","17":"instock","18":"taxable","19":"shipping-taxable","20":"purchasable","21":"product-type-simple"},"acf":[],"_links":{"self":[{"href":"https:\/\/selmiswiss.com\/fr\/wp-json\/wp\/v2\/product\/29900","targetHints":{"allow":["GET"]}}],"collection":[{"href":"https:\/\/selmiswiss.com\/fr\/wp-json\/wp\/v2\/product"}],"about":[{"href":"https:\/\/selmiswiss.com\/fr\/wp-json\/wp\/v2\/types\/product"}],"replies":[{"embeddable":true,"href":"https:\/\/selmiswiss.com\/fr\/wp-json\/wp\/v2\/comments?post=29900"}],"version-history":[{"count":0,"href":"https:\/\/selmiswiss.com\/fr\/wp-json\/wp\/v2\/product\/29900\/revisions"}],"wp:featuredmedia":[{"embeddable":true,"href":"https:\/\/selmiswiss.com\/fr\/wp-json\/wp\/v2\/media\/32022"}],"wp:attachment":[{"href":"https:\/\/selmiswiss.com\/fr\/wp-json\/wp\/v2\/media?parent=29900"}],"wp:term":[{"taxonomy":"product_brand","embeddable":true,"href":"https:\/\/selmiswiss.com\/fr\/wp-json\/wp\/v2\/product_brand?post=29900"},{"taxonomy":"product_cat","embeddable":true,"href":"https:\/\/selmiswiss.com\/fr\/wp-json\/wp\/v2\/product_cat?post=29900"},{"taxonomy":"product_tag","embeddable":true,"href":"https:\/\/selmiswiss.com\/fr\/wp-json\/wp\/v2\/product_tag?post=29900"}],"curies":[{"name":"wp","href":"https:\/\/api.w.org\/{rel}","templated":true}]}}