{"id":29905,"date":"2025-03-14T12:35:06","date_gmt":"2025-03-14T12:35:06","guid":{"rendered":"https:\/\/selmiswiss.com\/producto\/bockshornklee-plus-100-kapseln\/"},"modified":"2025-09-08T08:37:16","modified_gmt":"2025-09-08T08:37:16","slug":"bockshornklee-plus-100-kapseln","status":"publish","type":"product","link":"https:\/\/selmiswiss.com\/de\/produkt\/bockshornklee-plus-100-kapseln\/","title":{"rendered":"Bockshornklee Plus, 100 Kapseln"},"content":{"rendered":"<div class=\"tab-content\">\n<p>Das <strong>Fenogreco Plus<\/strong> von Selmi Swiss ist ein Nahrungserg\u00e4nzungsmittel, das Bockshornkleesamenpulver und Vitamin C kombiniert. Es wurde entwickelt, um die Verdauungsgesundheit zu unterst\u00fctzen, das Immunsystem zu st\u00e4rken und einen starken antioxidativen Schutz zu bieten.<\/p>\n<h2>Warum es w\u00e4hlen<\/h2>\n<ul>\n<li><strong>Unterst\u00fctzung der Verdauungsgesundheit:<\/strong> Bockshornklee ist daf\u00fcr bekannt, die Verdauung zu verbessern, Symptome von Verdauungsst\u00f6rungen zu lindern und Bl\u00e4hungen zu reduzieren. Dar\u00fcber hinaus kann es helfen, den Blutzucker zu regulieren und die Insulinsensitivit\u00e4t zu verbessern, wodurch die Kontrolle des Glukosespiegels unterst\u00fctzt wird.<\/li>\n<li><strong>St\u00e4rkung des Immunsystems:<\/strong> Vitamin C ist ein essentielles Antioxidans, das das Immunsystem st\u00e4rkt, die Produktion von wei\u00dfen Blutk\u00f6rperchen erh\u00f6ht und den K\u00f6rper vor Infektionen sch\u00fctzt. Es unterst\u00fctzt auch die Wundheilung und verbessert die Eisenaufnahme.<\/li>\n<li><strong>Antioxidative Eigenschaften:<\/strong> Sowohl Bockshornklee als auch Vitamin C sind starke Antioxidantien, die Sch\u00e4den durch freie Radikale bek\u00e4mpfen, das Risiko chronischer Entz\u00fcndungen verringern und die Zellen vor oxidativen Sch\u00e4den sch\u00fctzen, was langfristig zu einer besseren Gesundheit f\u00fchrt.<\/li>\n<li><strong>Stoffwechsel und allgemeines Wohlbefinden<\/strong>: Die Synergie zwischen Bockshornklee und Vitamin C f\u00f6rdert einen gesunden Stoffwechsel und ein besseres Gleichgewicht des K\u00f6rpers.<\/li>\n<\/ul>\n<h2>Vorteile<\/h2>\n<ul>\n<li>Verbessert die Verdauung und lindert Magen-Darm-Beschwerden.<\/li>\n<li>St\u00e4rkt das Immunsystem und erh\u00f6ht die Widerstandskraft gegen Infektionen.<\/li>\n<li>Bietet einen antioxidativen Schutz gegen Zellsch\u00e4den.<\/li>\n<li>Hilft bei der Regulierung des Blutzuckerspiegels und verbessert die Insulinempfindlichkeit.<\/li>\n<\/ul>\n<h2>Andere Leistungen<\/h2>\n<ul>\n<li><strong>Unterst\u00fctzung der Gesundheit der Frau:<\/strong> Bockshornklee ist bekannt f\u00fcr seine F\u00e4higkeit, die mit dem Menstruationszyklus und der Menopause verbundenen Symptome zu lindern.<\/li>\n<li><strong>Steigerung der Libido:<\/strong> Studien deuten darauf hin, dass Bockshornklee das sexuelle Verlangen sowohl bei M\u00e4nnern als auch bei Frauen steigern kann.<\/li>\n<li><strong>Unterst\u00fctzung der m\u00e4nnlichen Gesundheit:<\/strong> Bockshornklee kann zur Aufrechterhaltung eines gesunden Testosteronspiegels beitragen und die m\u00e4nnliche Sexualfunktion unterst\u00fctzen.<\/li>\n<li><strong>Appetitkontrolle:<\/strong> Bockshornklee kann helfen, den Appetit zu z\u00fcgeln und das S\u00e4ttigungsgef\u00fchl zu f\u00f6rdern, was die Gewichtskontrolle unterst\u00fctzt.<\/li>\n<li><strong>Unterst\u00fctzung der Laktation:<\/strong> Traditionell wird Bockshornklee verwendet, um die Milchproduktion bei stillenden M\u00fcttern anzuregen.<\/li>\n<\/ul>\n<h2>Was uns auszeichnet<\/h2>\n<ul>\n<li><strong>Synergistische Formel:<\/strong> Die Kombination aus Bockshornklee und Vitamin C bietet umfassende Vorteile f\u00fcr die Verdauung und das Immunsystem.<\/li>\n<li><strong>Schweizer Qualit\u00e4t:<\/strong> Hergestellt unter strengen Qualit\u00e4tsstandards in der Schweiz, um Reinheit und Wirksamkeit zu garantieren.<\/li>\n<li><strong>Geeignet f\u00fcr Veganer:<\/strong> Zellulosekapseln pflanzlichen Ursprungs, geeignet f\u00fcr vegane und vegetarische Ern\u00e4hrung.<\/li>\n<\/ul>\n<\/div>\n<div class=\"wd-negative-gap\">\n<div class=\"icons-container-whatsdifferent\">\n<div class=\"icon-whatsdifferent\"><img decoding=\"async\" title=\"Glutenfrei\" src=\"https:\/\/selmiswiss.com\/wp-content\/uploads\/2025\/03\/sin-gluten.svg\" alt=\"Glutenfrei\" width=\"50\" height=\"50\" \/><\/div>\n<div class=\"icon-whatsdifferent\"><img decoding=\"async\" title=\"Laktosefrei\" src=\"https:\/\/selmiswiss.com\/wp-content\/uploads\/2025\/03\/sin-lactosa-v1.svg\" alt=\"Laktosefrei\" width=\"50\" height=\"50\" \/><\/div>\n<div class=\"icon-whatsdifferent\"><img decoding=\"async\" title=\"Ohne Konservierungsstoffe\" src=\"https:\/\/selmiswiss.com\/wp-content\/uploads\/2025\/03\/sin-conservantes.svg\" alt=\"Ohne Konservierungsstoffe\" width=\"46\" height=\"46\" \/><\/div>\n<div class=\"icon-whatsdifferent\"><img decoding=\"async\" title=\"100% vegan\" src=\"https:\/\/selmiswiss.com\/wp-content\/uploads\/2025\/03\/100-vegan.svg\" alt=\"100% vegan\" width=\"50\" height=\"50\" \/><\/div>\n<\/div>\n<\/div>\n","protected":false},"excerpt":{"rendered":"<ul>\n<li><strong>Unterst\u00fctzung der Verdauung:<\/strong> Bockshornklee verbessert die Verdauung und hilft bei Verdauungsst\u00f6rungen.<\/li>\n<li><strong>St\u00e4rkung des Immunsystems:<\/strong> Vitamin C st\u00e4rkt die Abwehrkr\u00e4fte des K\u00f6rpers.<\/li>\n<li><strong>Antioxidative Eigenschaften:<\/strong> Bek\u00e4mpft Sch\u00e4den durch freie Radikale und sch\u00fctzt die Zellen.<\/li>\n<li><strong>Vegane Kapseln:<\/strong> Geeignet f\u00fcr Veganer und Vegetarier.<\/li>\n<li><strong>Schweizer Qualit\u00e4t:<\/strong> Das Produkt wird unter strengen Qualit\u00e4tsstandards in der Schweiz hergestellt.<\/li>\n<\/ul>\n","protected":false},"featured_media":31980,"comment_status":"open","ping_status":"closed","template":"","meta":{"_acf_changed":false},"product_brand":[],"product_cat":[452,362,736],"product_tag":[364,509,648],"class_list":{"0":"post-29905","1":"product","2":"type-product","3":"status-publish","4":"has-post-thumbnail","6":"product_cat-adaptogene-pflanzen-und-bioaktive-mineralien","7":"product_cat-hormonelles-gleichgewicht","8":"product_cat-pflanzliche-nahrungserganzungsmittel","9":"product_tag-gesundheit-von-frauen","10":"product_tag-hormonhaushalt","11":"product_tag-vitalitat","13":"first","14":"instock","15":"taxable","16":"shipping-taxable","17":"purchasable","18":"product-type-simple"},"acf":[],"_links":{"self":[{"href":"https:\/\/selmiswiss.com\/de\/wp-json\/wp\/v2\/product\/29905","targetHints":{"allow":["GET"]}}],"collection":[{"href":"https:\/\/selmiswiss.com\/de\/wp-json\/wp\/v2\/product"}],"about":[{"href":"https:\/\/selmiswiss.com\/de\/wp-json\/wp\/v2\/types\/product"}],"replies":[{"embeddable":true,"href":"https:\/\/selmiswiss.com\/de\/wp-json\/wp\/v2\/comments?post=29905"}],"version-history":[{"count":0,"href":"https:\/\/selmiswiss.com\/de\/wp-json\/wp\/v2\/product\/29905\/revisions"}],"wp:featuredmedia":[{"embeddable":true,"href":"https:\/\/selmiswiss.com\/de\/wp-json\/wp\/v2\/media\/31980"}],"wp:attachment":[{"href":"https:\/\/selmiswiss.com\/de\/wp-json\/wp\/v2\/media?parent=29905"}],"wp:term":[{"taxonomy":"product_brand","embeddable":true,"href":"https:\/\/selmiswiss.com\/de\/wp-json\/wp\/v2\/product_brand?post=29905"},{"taxonomy":"product_cat","embeddable":true,"href":"https:\/\/selmiswiss.com\/de\/wp-json\/wp\/v2\/product_cat?post=29905"},{"taxonomy":"product_tag","embeddable":true,"href":"https:\/\/selmiswiss.com\/de\/wp-json\/wp\/v2\/product_tag?post=29905"}],"curies":[{"name":"wp","href":"https:\/\/api.w.org\/{rel}","templated":true}]}}