{"id":29846,"date":"2025-03-14T12:35:01","date_gmt":"2025-03-14T12:35:01","guid":{"rendered":"https:\/\/selmiswiss.com\/producto\/spezial-akne-creme-3-cbd-30-ml\/"},"modified":"2026-02-20T12:14:53","modified_gmt":"2026-02-20T12:14:53","slug":"spezial-akne-creme-3-cbd-30-ml","status":"publish","type":"product","link":"https:\/\/selmiswiss.com\/de\/produkt\/spezial-akne-creme-3-cbd-30-ml\/","title":{"rendered":"Spezial-Akne-Creme 3% CBD, 30 ml"},"content":{"rendered":"<div class=\"tab-content\">\n<p><strong>Acne Special Cream 3% CBD<\/strong> ist eine fortschrittliche Formel, die f\u00fcr zu Akne neigende Haut entwickelt wurde. Ihre Kombination aus CBD, Arnika- und Kamillenextrakten sowie nicht komedogenen, feuchtigkeitsspendenden \u00d6len bietet eine wirksame Behandlung gegen R\u00f6tungen, Entz\u00fcndungen und Ausbr\u00fcche. Sie hilft, die Talgproduktion auszugleichen und f\u00f6rdert die Heilung, ohne die Haut auszutrocknen.  <\/p>\n<h3>Warum sollte man sie w\u00e4hlen?<\/h3>\n<ul>\n<li>Regulierung des Talgs und Reduzierung von Ausbr\u00fcchen.<\/li>\n<li>Spendet Feuchtigkeit, ohne die Poren zu verstopfen.<\/li>\n<li>Antibakterielle und lindernde Eigenschaften.<\/li>\n<\/ul>\n<h3>Vorteile<\/h3>\n<ul>\n<li><strong>Beruhigt und reduziert Entz\u00fcndungen:<\/strong> CBD, Arnika und Kamille wirken zusammen, um R\u00f6tungen zu lindern.<\/li>\n<li><strong>Aknebek\u00e4mpfung:<\/strong> Die antibakterielle Wirkung hilft, zuk\u00fcnftige Ausbr\u00fcche zu verhindern.<\/li>\n<li><strong>Hautregeneration:<\/strong> Hagebutten\u00f6l und Vitamin E helfen, das Erscheinungsbild von Akneflecken zu verbessern.<\/li>\n<\/ul>\n<h3>Was uns auszeichnet<\/h3>\n<ul>\n<li>Paraben- und sulfatfreie Formel.<\/li>\n<li>Veganes und grausam-freies Produkt.<\/li>\n<\/ul>\n<\/div>\n<div class=\"wd-negative-gap\">\n<div class=\"icons-container-whatsdifferent\">\n<div class=\"icon-whatsdifferent\"><img decoding=\"async\" title=\"100% vegan\" src=\"https:\/\/selmiswiss.com\/wp-content\/uploads\/2025\/03\/100-vegan.svg\" alt=\"100% vegan\" width=\"50\" height=\"50\"><\/div>\n<\/div>\n<\/div>\n","protected":false},"excerpt":{"rendered":"<ul>\n<li><strong>Spezielle Formel<\/strong>: Mit 3% CBD und nat\u00fcrlichen Extrakten zur Bek\u00e4mpfung von Akne, ohne die Haut auszutrocknen.<\/li>\n<li><strong>Reduziert Entz\u00fcndungen<\/strong>: Die Kombination aus CBD, Arnika und Kamille beruhigt die Haut und reduziert R\u00f6tungen.<\/li>\n<li><strong>Spendet Feuchtigkeit, ohne die Poren zu verstopfen<\/strong>: S\u00fc\u00dfes Mandel\u00f6l und Caprylic Triglyceride f\u00fcr leichte Hydratation.<\/li>\n<li><strong>Antibakterielle Eigenschaften<\/strong>: CBD und Kamille helfen bei der Bek\u00e4mpfung von Bakterien, die Akne verursachen.<\/li>\n<li><strong>Regeneration und Heilung<\/strong>: Hagebutten\u00f6l und Vitamin E zur Verbesserung des Erscheinungsbildes von Akneflecken.<\/li>\n<\/ul>\n","protected":false},"featured_media":32070,"comment_status":"open","ping_status":"closed","template":"","meta":{"_acf_changed":false},"product_brand":[],"product_cat":[404,564],"product_tag":[590,565,591,980,1015],"class_list":{"0":"post-29846","1":"product","2":"type-product","3":"status-publish","4":"has-post-thumbnail","6":"product_cat-hautregeneration","7":"product_cat-naturkosmetik","8":"product_tag-aknebehandlung","9":"product_tag-cbd-de","10":"product_tag-fettige-haut","11":"product_tag-hagebutte","12":"product_tag-haut","14":"first","15":"instock","16":"taxable","17":"shipping-taxable","18":"purchasable","19":"product-type-simple"},"acf":[],"_links":{"self":[{"href":"https:\/\/selmiswiss.com\/de\/wp-json\/wp\/v2\/product\/29846","targetHints":{"allow":["GET"]}}],"collection":[{"href":"https:\/\/selmiswiss.com\/de\/wp-json\/wp\/v2\/product"}],"about":[{"href":"https:\/\/selmiswiss.com\/de\/wp-json\/wp\/v2\/types\/product"}],"replies":[{"embeddable":true,"href":"https:\/\/selmiswiss.com\/de\/wp-json\/wp\/v2\/comments?post=29846"}],"version-history":[{"count":1,"href":"https:\/\/selmiswiss.com\/de\/wp-json\/wp\/v2\/product\/29846\/revisions"}],"predecessor-version":[{"id":35367,"href":"https:\/\/selmiswiss.com\/de\/wp-json\/wp\/v2\/product\/29846\/revisions\/35367"}],"wp:featuredmedia":[{"embeddable":true,"href":"https:\/\/selmiswiss.com\/de\/wp-json\/wp\/v2\/media\/32070"}],"wp:attachment":[{"href":"https:\/\/selmiswiss.com\/de\/wp-json\/wp\/v2\/media?parent=29846"}],"wp:term":[{"taxonomy":"product_brand","embeddable":true,"href":"https:\/\/selmiswiss.com\/de\/wp-json\/wp\/v2\/product_brand?post=29846"},{"taxonomy":"product_cat","embeddable":true,"href":"https:\/\/selmiswiss.com\/de\/wp-json\/wp\/v2\/product_cat?post=29846"},{"taxonomy":"product_tag","embeddable":true,"href":"https:\/\/selmiswiss.com\/de\/wp-json\/wp\/v2\/product_tag?post=29846"}],"curies":[{"name":"wp","href":"https:\/\/api.w.org\/{rel}","templated":true}]}}